{"id":3976,"date":"2013-09-08T09:58:00","date_gmt":"2013-09-08T12:58:00","guid":{"rendered":"https:\/\/portaljandira.com.br\/site\/?page_id=3976"},"modified":"2023-09-08T10:21:36","modified_gmt":"2023-09-08T13:21:36","slug":"poder-executivo-municipal","status":"publish","type":"page","link":"https:\/\/portaljandira.com.br\/site\/poder-executivo-municipal","title":{"rendered":"PODER EXECUTIVO MUNICIPAL"},"content":{"rendered":"\n<div class=\"wp-block-columns is-layout-flex wp-container-core-columns-is-layout-9d6595d7 wp-block-columns-is-layout-flex\">\n<div class=\"wp-block-column is-layout-flow wp-block-column-is-layout-flow\" style=\"flex-basis:90%\">\n<div class=\"wp-block-group\"><div class=\"wp-block-group__inner-container is-layout-constrained wp-block-group-is-layout-constrained\">\n<div class=\"wp-block-columns is-layout-flex wp-container-core-columns-is-layout-9d6595d7 wp-block-columns-is-layout-flex\">\n<div class=\"wp-block-column is-layout-flow wp-block-column-is-layout-flow\" style=\"flex-basis:100%\">\n<div class=\"wp-block-group\"><div class=\"wp-block-group__inner-container is-layout-constrained wp-block-group-is-layout-constrained\">\n<div class=\"container mt-3\" style=\"box-sizing: border-box; padding-top: 0px; padding-bottom: 0px; margin-bottom: 0px; width: 1140px; color: #212529; font-family: Arial, Helvetica, sans-serif; font-size: 16px; white-space-collapse: collapse; margin-top: 1rem !important;\">\n<table id=\"tabelaLei\" class=\"table table-striped\" style=\"box-sizing: border-box; padding: 0px; margin: 0px 0px 1rem; border-collapse: collapse; width: 615px; max-width: 100%; background-color: transparent; height: 938px;\">\n<thead class=\"thead-light\" style=\"box-sizing: border-box; padding: 0px; margin: 0px;\">\n<tr style=\"box-sizing: border-box; padding: 0px; margin: 0px;\">\n<th style=\"box-sizing: border-box; padding: 0.75rem; margin: 0px; text-align: inherit; vertical-align: bottom; border-top: 1px solid #dee2e6; border-bottom: 2px solid #dee2e6; color: #495057; background-color: #e9ecef; border-right-color: #dee2e6; border-left-color: #dee2e6;\">\u00a0<\/th>\n<th style=\"box-sizing: border-box; padding: 0.75rem; margin: 0px; text-align: inherit; vertical-align: bottom; border-top: 1px solid #dee2e6; border-bottom: 2px solid #dee2e6; color: #495057; background-color: #e9ecef; border-right-color: #dee2e6; border-left-color: #dee2e6;\">\n<h6>Prefeito<\/h6>\n<\/th>\n<th style=\"box-sizing: border-box; padding: 0.75rem; margin: 0px; text-align: inherit; vertical-align: bottom; border-top: 1px solid #dee2e6; border-bottom: 2px solid #dee2e6; color: #495057; background-color: #e9ecef; border-right-color: #dee2e6; border-left-color: #dee2e6;\">\n<h6 style=\"text-align: center;\">Vice-Prefeito<\/h6>\n<\/th>\n<th style=\"box-sizing: border-box; padding: 0.75rem; margin: 0px; text-align: inherit; vertical-align: bottom; border-top: 1px solid #dee2e6; border-bottom: 2px solid #dee2e6; color: #495057; background-color: #e9ecef; border-right-color: #dee2e6; border-left-color: #dee2e6;\">\n<h6 style=\"text-align: center;\">Ano da Elei\u00e7\u00e3o<\/h6>\n<\/th>\n<th style=\"box-sizing: border-box; padding: 0.75rem; margin: 0px; text-align: inherit; vertical-align: bottom; border-top: 1px solid #dee2e6; border-bottom: 2px solid #dee2e6; color: #495057; background-color: #e9ecef; border-right-color: #dee2e6; border-left-color: #dee2e6;\">\n<h6>In\u00edcio<\/h6>\n<\/th>\n<th style=\"box-sizing: border-box; padding: 0.75rem; margin: 0px; text-align: inherit; vertical-align: bottom; border-top: 1px solid #dee2e6; border-bottom: 2px solid #dee2e6; color: #495057; background-color: #e9ecef; border-right-color: #dee2e6; border-left-color: #dee2e6;\">\n<h6 style=\"text-align: center;\">T\u00e9rmino<\/h6>\n<\/th>\n<\/tr>\n<\/thead>\n<tbody style=\"box-sizing: border-box; padding: 0px; margin: 0px;\">\n<tr style=\"box-sizing: border-box; padding: 0px; margin: 0px; background-color: rgba(0, 0, 0, 0.05);\">\n<td style=\"box-sizing: border-box; padding: 0.75rem; margin: 0px; vertical-align: top; border-top: 1px solid #dee2e6;\">16\u00ba<\/td>\n<td style=\"box-sizing: border-box; padding: 0.75rem; margin: 0px; vertical-align: top; border-top: 1px solid #dee2e6;\"><span style=\"box-sizing: border-box; padding: 0px; margin: 0px; font-weight: bolder;\">Henri Hajime Sato (PSDB)<\/span><\/td>\n<td style=\"box-sizing: border-box; padding: 0.75rem; margin: 0px; vertical-align: top; border-top: 1px solid #dee2e6;\"><span style=\"box-sizing: border-box; padding: 0px; margin: 0px; font-weight: bolder;\">Carlos Eduardo Piteri (DEM)<\/span><\/td>\n<td style=\"box-sizing: border-box; padding: 0.75rem; margin: 0px; vertical-align: top; border-top: 1px solid #dee2e6;\">2020<\/td>\n<td style=\"box-sizing: border-box; padding: 0.75rem; margin: 0px; vertical-align: top; border-top: 1px solid #dee2e6;\">01\/2021<\/td>\n<td style=\"box-sizing: border-box; padding: 0.75rem; margin: 0px; vertical-align: top; border-top: 1px solid #dee2e6;\">12\/2024<\/td>\n<\/tr>\n<tr style=\"box-sizing: border-box; padding: 0px; margin: 0px;\">\n<td style=\"box-sizing: border-box; padding: 0.75rem; margin: 0px; vertical-align: top; border-top: 1px solid #dee2e6;\">15\u00ba<\/td>\n<td style=\"box-sizing: border-box; padding: 0.75rem; margin: 0px; vertical-align: top; border-top: 1px solid #dee2e6;\">Paulo Fernando Barufi da Silva (PTB)<\/td>\n<td style=\"box-sizing: border-box; padding: 0.75rem; margin: 0px; vertical-align: top; border-top: 1px solid #dee2e6;\">Manoel Domingues (PTB)<\/td>\n<td style=\"box-sizing: border-box; padding: 0.75rem; margin: 0px; vertical-align: top; border-top: 1px solid #dee2e6;\">2016<\/td>\n<td style=\"box-sizing: border-box; padding: 0.75rem; margin: 0px; vertical-align: top; border-top: 1px solid #dee2e6;\">01\/2017<\/td>\n<td style=\"box-sizing: border-box; padding: 0.75rem; margin: 0px; vertical-align: top; border-top: 1px solid #dee2e6;\">12\/2020<\/td>\n<\/tr>\n<tr style=\"box-sizing: border-box; padding: 0px; margin: 0px; background-color: rgba(0, 0, 0, 0.05);\">\n<td style=\"box-sizing: border-box; padding: 0.75rem; margin: 0px; vertical-align: top; border-top: 1px solid #dee2e6;\">14\u00ba<\/td>\n<td style=\"box-sizing: border-box; padding: 0.75rem; margin: 0px; vertical-align: top; border-top: 1px solid #dee2e6;\">Geraldo Teot\u00f4nio da Silva (PV)<\/td>\n<td style=\"box-sizing: border-box; padding: 0.75rem; margin: 0px; vertical-align: top; border-top: 1px solid #dee2e6;\">Lurdete Vendrame Kummer (PSD)<\/td>\n<td style=\"box-sizing: border-box; padding: 0.75rem; margin: 0px; vertical-align: top; border-top: 1px solid #dee2e6;\">2012<\/td>\n<td style=\"box-sizing: border-box; padding: 0.75rem; margin: 0px; vertical-align: top; border-top: 1px solid #dee2e6;\">01\/2013<\/td>\n<td style=\"box-sizing: border-box; padding: 0.75rem; margin: 0px; vertical-align: top; border-top: 1px solid #dee2e6;\">12\/2016<\/td>\n<\/tr>\n<tr style=\"box-sizing: border-box; padding: 0px; margin: 0px;\">\n<td style=\"box-sizing: border-box; padding: 0.75rem; margin: 0px; vertical-align: top; border-top: 1px solid #dee2e6;\">13\u00ba<\/td>\n<td style=\"box-sizing: border-box; padding: 0.75rem; margin: 0px; vertical-align: top; border-top: 1px solid #dee2e6;\">Anabel Sabatine (PSDB)<\/td>\n<td style=\"box-sizing: border-box; padding: 0.75rem; margin: 0px; vertical-align: top; border-top: 1px solid #dee2e6;\">&#8211;<\/td>\n<td style=\"box-sizing: border-box; padding: 0.75rem; margin: 0px; vertical-align: top; border-top: 1px solid #dee2e6;\">2008<\/td>\n<td style=\"box-sizing: border-box; padding: 0.75rem; margin: 0px; vertical-align: top; border-top: 1px solid #dee2e6;\">12\/11\/10<\/td>\n<td style=\"box-sizing: border-box; padding: 0.75rem; margin: 0px; vertical-align: top; border-top: 1px solid #dee2e6;\">12\/2012<\/td>\n<\/tr>\n<tr style=\"box-sizing: border-box; padding: 0px; margin: 0px; background-color: rgba(0, 0, 0, 0.05);\">\n<td style=\"box-sizing: border-box; padding: 0.75rem; margin: 0px; vertical-align: top; border-top: 1px solid #dee2e6;\">12\u00ba<\/td>\n<td style=\"box-sizing: border-box; padding: 0.75rem; margin: 0px; vertical-align: top; border-top: 1px solid #dee2e6;\">Walderi Braz Paschoalin (PSDB)<\/td>\n<td style=\"box-sizing: border-box; padding: 0.75rem; margin: 0px; vertical-align: top; border-top: 1px solid #dee2e6;\">Anabel Sabatine (PSDB)<\/td>\n<td style=\"box-sizing: border-box; padding: 0.75rem; margin: 0px; vertical-align: top; border-top: 1px solid #dee2e6;\">2008<\/td>\n<td style=\"box-sizing: border-box; padding: 0.75rem; margin: 0px; vertical-align: top; border-top: 1px solid #dee2e6;\">01\/2009<\/td>\n<td style=\"box-sizing: border-box; padding: 0.75rem; margin: 0px; vertical-align: top; border-top: 1px solid #dee2e6;\">12\/10\/10<\/td>\n<\/tr>\n<tr style=\"box-sizing: border-box; padding: 0px; margin: 0px;\">\n<td style=\"box-sizing: border-box; padding: 0.75rem; margin: 0px; vertical-align: top; border-top: 1px solid #dee2e6;\">11\u00ba<\/td>\n<td style=\"box-sizing: border-box; padding: 0.75rem; margin: 0px; vertical-align: top; border-top: 1px solid #dee2e6;\">Paulo Henrique Barjud (PT)<\/td>\n<td style=\"box-sizing: border-box; padding: 0.75rem; margin: 0px; vertical-align: top; border-top: 1px solid #dee2e6;\">Altamir de Souza Viana (PTdoB)<\/td>\n<td style=\"box-sizing: border-box; padding: 0.75rem; margin: 0px; vertical-align: top; border-top: 1px solid #dee2e6;\">2004<\/td>\n<td style=\"box-sizing: border-box; padding: 0.75rem; margin: 0px; vertical-align: top; border-top: 1px solid #dee2e6;\">01\/2005<\/td>\n<td style=\"box-sizing: border-box; padding: 0.75rem; margin: 0px; vertical-align: top; border-top: 1px solid #dee2e6;\">12\/2008<\/td>\n<\/tr>\n<tr style=\"box-sizing: border-box; padding: 0px; margin: 0px; background-color: rgba(0, 0, 0, 0.05);\">\n<td style=\"box-sizing: border-box; padding: 0.75rem; margin: 0px; vertical-align: top; border-top: 1px solid #dee2e6;\">10\u00ba<\/td>\n<td style=\"box-sizing: border-box; padding: 0.75rem; margin: 0px; vertical-align: top; border-top: 1px solid #dee2e6;\">Paulo Henrique Barjud (PT)<\/td>\n<td style=\"box-sizing: border-box; padding: 0.75rem; margin: 0px; vertical-align: top; border-top: 1px solid #dee2e6;\">Altamir de Souza Viana (PTdoB)<\/td>\n<td style=\"box-sizing: border-box; padding: 0.75rem; margin: 0px; vertical-align: top; border-top: 1px solid #dee2e6;\">2000<\/td>\n<td style=\"box-sizing: border-box; padding: 0.75rem; margin: 0px; vertical-align: top; border-top: 1px solid #dee2e6;\">01\/2001<\/td>\n<td style=\"box-sizing: border-box; padding: 0.75rem; margin: 0px; vertical-align: top; border-top: 1px solid #dee2e6;\">12\/2004<\/td>\n<\/tr>\n<tr style=\"box-sizing: border-box; padding: 0px; margin: 0px;\">\n<td style=\"box-sizing: border-box; padding: 0.75rem; margin: 0px; vertical-align: top; border-top: 1px solid #dee2e6;\">9\u00ba<\/td>\n<td style=\"box-sizing: border-box; padding: 0.75rem; margin: 0px; vertical-align: top; border-top: 1px solid #dee2e6;\">Walderi Braz Paschoalin (PSDB)<\/td>\n<td style=\"box-sizing: border-box; padding: 0.75rem; margin: 0px; vertical-align: top; border-top: 1px solid #dee2e6;\">Alcides Pedro Siqueira Filho (PFL)<\/td>\n<td style=\"box-sizing: border-box; padding: 0.75rem; margin: 0px; vertical-align: top; border-top: 1px solid #dee2e6;\">1996<\/td>\n<td style=\"box-sizing: border-box; padding: 0.75rem; margin: 0px; vertical-align: top; border-top: 1px solid #dee2e6;\">01\/1997<\/td>\n<td style=\"box-sizing: border-box; padding: 0.75rem; margin: 0px; vertical-align: top; border-top: 1px solid #dee2e6;\">12\/2000<\/td>\n<\/tr>\n<tr style=\"box-sizing: border-box; padding: 0px; margin: 0px; background-color: rgba(0, 0, 0, 0.05);\">\n<td style=\"box-sizing: border-box; padding: 0.75rem; margin: 0px; vertical-align: top; border-top: 1px solid #dee2e6;\">8\u00ba<\/td>\n<td style=\"box-sizing: border-box; padding: 0.75rem; margin: 0px; vertical-align: top; border-top: 1px solid #dee2e6;\">Jos\u00e9 Roberto Piteri (PMDB)<\/td>\n<td style=\"box-sizing: border-box; padding: 0.75rem; margin: 0px; vertical-align: top; border-top: 1px solid #dee2e6;\">Manoel Alves Costa<\/td>\n<td style=\"box-sizing: border-box; padding: 0.75rem; margin: 0px; vertical-align: top; border-top: 1px solid #dee2e6;\">1992<\/td>\n<td style=\"box-sizing: border-box; padding: 0.75rem; margin: 0px; vertical-align: top; border-top: 1px solid #dee2e6;\">01\/1993<\/td>\n<td style=\"box-sizing: border-box; padding: 0.75rem; margin: 0px; vertical-align: top; border-top: 1px solid #dee2e6;\">12\/1996<\/td>\n<\/tr>\n<tr style=\"box-sizing: border-box; padding: 0px; margin: 0px;\">\n<td style=\"box-sizing: border-box; padding: 0.75rem; margin: 0px; vertical-align: top; border-top: 1px solid #dee2e6;\">7\u00ba<\/td>\n<td style=\"box-sizing: border-box; padding: 0.75rem; margin: 0px; vertical-align: top; border-top: 1px solid #dee2e6;\">Walderi Braz Paschoalin (PSDB)<\/td>\n<td style=\"box-sizing: border-box; padding: 0.75rem; margin: 0px; vertical-align: top; border-top: 1px solid #dee2e6;\">Manoel Nascimento de Souza<\/td>\n<td style=\"box-sizing: border-box; padding: 0.75rem; margin: 0px; vertical-align: top; border-top: 1px solid #dee2e6;\">1988<\/td>\n<td style=\"box-sizing: border-box; padding: 0.75rem; margin: 0px; vertical-align: top; border-top: 1px solid #dee2e6;\">01\/1989<\/td>\n<td style=\"box-sizing: border-box; padding: 0.75rem; margin: 0px; vertical-align: top; border-top: 1px solid #dee2e6;\">12\/1992<\/td>\n<\/tr>\n<tr style=\"box-sizing: border-box; padding: 0px; margin: 0px; background-color: rgba(0, 0, 0, 0.05);\">\n<td style=\"box-sizing: border-box; padding: 0.75rem; margin: 0px; vertical-align: top; border-top: 1px solid #dee2e6;\">6\u00ba<\/td>\n<td style=\"box-sizing: border-box; padding: 0.75rem; margin: 0px; vertical-align: top; border-top: 1px solid #dee2e6;\">Jos\u00e9 Roberto Piteri (PMDB)<\/td>\n<td style=\"box-sizing: border-box; padding: 0.75rem; margin: 0px; vertical-align: top; border-top: 1px solid #dee2e6;\">Jo\u00e3o Ribeiro Junior (PMDB)<\/td>\n<td style=\"box-sizing: border-box; padding: 0.75rem; margin: 0px; vertical-align: top; border-top: 1px solid #dee2e6;\">1984<\/td>\n<td style=\"box-sizing: border-box; padding: 0.75rem; margin: 0px; vertical-align: top; border-top: 1px solid #dee2e6;\">01\/1985<\/td>\n<td style=\"box-sizing: border-box; padding: 0.75rem; margin: 0px; vertical-align: top; border-top: 1px solid #dee2e6;\">12\/1988<\/td>\n<\/tr>\n<tr style=\"box-sizing: border-box; padding: 0px; margin: 0px;\">\n<td style=\"box-sizing: border-box; padding: 0.75rem; margin: 0px; vertical-align: top; border-top: 1px solid #dee2e6;\">5\u00ba<\/td>\n<td style=\"box-sizing: border-box; padding: 0.75rem; margin: 0px; vertical-align: top; border-top: 1px solid #dee2e6;\">Dorvalino Ab\u00edlio Teixeira (MDB)<\/td>\n<td style=\"box-sizing: border-box; padding: 0.75rem; margin: 0px; vertical-align: top; border-top: 1px solid #dee2e6;\">Mauri Sebasti\u00e3o Barufi (MDB)<\/td>\n<td style=\"box-sizing: border-box; padding: 0.75rem; margin: 0px; vertical-align: top; border-top: 1px solid #dee2e6;\">1980<\/td>\n<td style=\"box-sizing: border-box; padding: 0.75rem; margin: 0px; vertical-align: top; border-top: 1px solid #dee2e6;\">01\/1981<\/td>\n<td style=\"box-sizing: border-box; padding: 0.75rem; margin: 0px; vertical-align: top; border-top: 1px solid #dee2e6;\">12\/1983<\/td>\n<\/tr>\n<tr style=\"box-sizing: border-box; padding: 0px; margin: 0px; background-color: rgba(0, 0, 0, 0.05);\">\n<td style=\"box-sizing: border-box; padding: 0.75rem; margin: 0px; vertical-align: top; border-top: 1px solid #dee2e6;\">4\u00ba<\/td>\n<td style=\"box-sizing: border-box; padding: 0.75rem; margin: 0px; vertical-align: top; border-top: 1px solid #dee2e6;\">Dorvalino Ab\u00edlio Teixeira (MDB)<\/td>\n<td style=\"box-sizing: border-box; padding: 0.75rem; margin: 0px; vertical-align: top; border-top: 1px solid #dee2e6;\">Mauri Sebasti\u00e3o Barufi (MDB)<\/td>\n<td style=\"box-sizing: border-box; padding: 0.75rem; margin: 0px; vertical-align: top; border-top: 1px solid #dee2e6;\">1976<\/td>\n<td style=\"box-sizing: border-box; padding: 0.75rem; margin: 0px; vertical-align: top; border-top: 1px solid #dee2e6;\">01\/1977<\/td>\n<td style=\"box-sizing: border-box; padding: 0.75rem; margin: 0px; vertical-align: top; border-top: 1px solid #dee2e6;\">12\/1980<\/td>\n<\/tr>\n<tr style=\"box-sizing: border-box; padding: 0px; margin: 0px;\">\n<td style=\"box-sizing: border-box; padding: 0.75rem; margin: 0px; vertical-align: top; border-top: 1px solid #dee2e6;\">3\u00ba<\/td>\n<td style=\"box-sizing: border-box; padding: 0.75rem; margin: 0px; vertical-align: top; border-top: 1px solid #dee2e6;\">Alan Kardec Roberto de Albuquerque (Arena)<\/td>\n<td style=\"box-sizing: border-box; padding: 0.75rem; margin: 0px; vertical-align: top; border-top: 1px solid #dee2e6;\">Manoel Alves<\/td>\n<td style=\"box-sizing: border-box; padding: 0.75rem; margin: 0px; vertical-align: top; border-top: 1px solid #dee2e6;\">1972<\/td>\n<td style=\"box-sizing: border-box; padding: 0.75rem; margin: 0px; vertical-align: top; border-top: 1px solid #dee2e6;\">01\/1973<\/td>\n<td style=\"box-sizing: border-box; padding: 0.75rem; margin: 0px; vertical-align: top; border-top: 1px solid #dee2e6;\">12\/1976<\/td>\n<\/tr>\n<tr style=\"box-sizing: border-box; padding: 0px; margin: 0px; background-color: rgba(0, 0, 0, 0.05);\">\n<td style=\"box-sizing: border-box; padding: 0.75rem; margin: 0px; vertical-align: top; border-top: 1px solid #dee2e6;\">2\u00ba<\/td>\n<td style=\"box-sizing: border-box; padding: 0.75rem; margin: 0px; vertical-align: top; border-top: 1px solid #dee2e6;\">Cl\u00e9cio Sold\u00e9 (MDB)<\/td>\n<td style=\"box-sizing: border-box; padding: 0.75rem; margin: 0px; vertical-align: top; border-top: 1px solid #dee2e6;\">Alan Kardec Roberto de Albuquerque (Arena)<\/td>\n<td style=\"box-sizing: border-box; padding: 0.75rem; margin: 0px; vertical-align: top; border-top: 1px solid #dee2e6;\">1968<\/td>\n<td style=\"box-sizing: border-box; padding: 0.75rem; margin: 0px; vertical-align: top; border-top: 1px solid #dee2e6;\">01\/1969<\/td>\n<td style=\"box-sizing: border-box; padding: 0.75rem; margin: 0px; vertical-align: top; border-top: 1px solid #dee2e6;\">12\/1972<\/td>\n<\/tr>\n<tr style=\"box-sizing: border-box; padding: 0px; margin: 0px;\">\n<td style=\"box-sizing: border-box; padding: 0.75rem; margin: 0px; vertical-align: top; border-top: 1px solid #dee2e6;\">1\u00ba<\/td>\n<td style=\"box-sizing: border-box; padding: 0.75rem; margin: 0px; vertical-align: top; border-top: 1px solid #dee2e6;\">Oswaldo Sammartino (PDC)<\/td>\n<td style=\"box-sizing: border-box; padding: 0.75rem; margin: 0px; vertical-align: top; border-top: 1px solid #dee2e6;\">Jo\u00e3o Ribeiro Junior (PSD)<\/td>\n<td style=\"box-sizing: border-box; padding: 0.75rem; margin: 0px; vertical-align: top; border-top: 1px solid #dee2e6;\">1964<\/td>\n<td style=\"box-sizing: border-box; padding: 0.75rem; margin: 0px; vertical-align: top; border-top: 1px solid #dee2e6;\">01\/1964<\/td>\n<td style=\"box-sizing: border-box; padding: 0.75rem; margin: 0px; vertical-align: top; border-top: 1px solid #dee2e6;\">12\/1968<\/td>\n<\/tr>\n<\/tbody>\n<\/table>\n<\/div>\n<\/div><\/div>\n<\/div>\n<\/div>\n<\/div><\/div>\n<\/div>\n<\/div>\n","protected":false},"excerpt":{"rendered":"<p>\u00a0 Prefeito Vice-Prefeito Ano da Elei\u00e7\u00e3o In\u00edcio T\u00e9rmino 16\u00ba Henri Hajime Sato (PSDB) Carlos Eduardo Piteri (DEM) 2020 01\/2021 12\/2024 15\u00ba Paulo Fernando Barufi da Silva (PTB) Manoel Domingues (PTB) 2016 01\/2017 12\/2020 14\u00ba Geraldo Teot\u00f4nio da Silva (PV) Lurdete Vendrame Kummer (PSD) 2012 01\/2013 12\/2016 13\u00ba Anabel Sabatine (PSDB) &#8211; 2008 12\/11\/10 12\/2012 12\u00ba [&hellip;]<\/p>\n","protected":false},"author":1,"featured_media":0,"parent":0,"menu_order":0,"comment_status":"closed","ping_status":"closed","template":"","meta":{"footnotes":""},"class_list":["post-3976","page","type-page","status-publish","hentry"],"_links":{"self":[{"href":"https:\/\/portaljandira.com.br\/site\/wp-json\/wp\/v2\/pages\/3976","targetHints":{"allow":["GET"]}}],"collection":[{"href":"https:\/\/portaljandira.com.br\/site\/wp-json\/wp\/v2\/pages"}],"about":[{"href":"https:\/\/portaljandira.com.br\/site\/wp-json\/wp\/v2\/types\/page"}],"author":[{"embeddable":true,"href":"https:\/\/portaljandira.com.br\/site\/wp-json\/wp\/v2\/users\/1"}],"replies":[{"embeddable":true,"href":"https:\/\/portaljandira.com.br\/site\/wp-json\/wp\/v2\/comments?post=3976"}],"version-history":[{"count":8,"href":"https:\/\/portaljandira.com.br\/site\/wp-json\/wp\/v2\/pages\/3976\/revisions"}],"predecessor-version":[{"id":3988,"href":"https:\/\/portaljandira.com.br\/site\/wp-json\/wp\/v2\/pages\/3976\/revisions\/3988"}],"wp:attachment":[{"href":"https:\/\/portaljandira.com.br\/site\/wp-json\/wp\/v2\/media?parent=3976"}],"curies":[{"name":"wp","href":"https:\/\/api.w.org\/{rel}","templated":true}]}}