{"id":1103,"date":"2018-10-29T23:38:04","date_gmt":"2018-10-29T23:38:04","guid":{"rendered":"http:\/\/www.portaljandira.com.br\/v3\/?page_id=1103"},"modified":"2022-11-29T22:25:12","modified_gmt":"2022-11-30T01:25:12","slug":"magazine-portal-jandira","status":"publish","type":"page","link":"https:\/\/portaljandira.com.br\/site\/magazine-portal-jandira","title":{"rendered":"Magazine Portal Jandira"},"content":{"rendered":"<p><a href=\"https:\/\/www.magazinevoce.com.br\/magazineportaljandira\/\" target=\"_blank\" rel=\"noopener\"><img loading=\"lazy\" decoding=\"async\" class=\"wp-image-3417 aligncenter\" src=\"https:\/\/portaljandira.com.br\/site\/wp-content\/uploads\/2022\/11\/banner-magazine-300x71.jpg\" alt=\"\" width=\"491\" height=\"116\" srcset=\"https:\/\/portaljandira.com.br\/site\/wp-content\/uploads\/2022\/11\/banner-magazine-300x71.jpg 300w, https:\/\/portaljandira.com.br\/site\/wp-content\/uploads\/2022\/11\/banner-magazine-1024x244.jpg 1024w, https:\/\/portaljandira.com.br\/site\/wp-content\/uploads\/2022\/11\/banner-magazine-768x183.jpg 768w, https:\/\/portaljandira.com.br\/site\/wp-content\/uploads\/2022\/11\/banner-magazine.jpg 1068w\" sizes=\"auto, (max-width: 491px) 100vw, 491px\" \/><\/a><\/p>\n<p>Produtos selecionados para voc\u00ea com pre\u00e7os incr\u00edveis, consulte !<\/p>\n<p>Diversos produtos &#8211; Loja em parceria com o Magazine Luiza.<\/p>\n<p>Pode comprar sem medo.<\/p>\n","protected":false},"excerpt":{"rendered":"<p>Produtos selecionados para voc\u00ea com pre\u00e7os incr\u00edveis, consulte ! Diversos produtos &#8211; Loja em parceria com o Magazine Luiza. Pode comprar sem medo.<\/p>\n","protected":false},"author":2,"featured_media":0,"parent":0,"menu_order":0,"comment_status":"closed","ping_status":"closed","template":"","meta":{"footnotes":""},"class_list":["post-1103","page","type-page","status-publish","hentry"],"_links":{"self":[{"href":"https:\/\/portaljandira.com.br\/site\/wp-json\/wp\/v2\/pages\/1103","targetHints":{"allow":["GET"]}}],"collection":[{"href":"https:\/\/portaljandira.com.br\/site\/wp-json\/wp\/v2\/pages"}],"about":[{"href":"https:\/\/portaljandira.com.br\/site\/wp-json\/wp\/v2\/types\/page"}],"author":[{"embeddable":true,"href":"https:\/\/portaljandira.com.br\/site\/wp-json\/wp\/v2\/users\/2"}],"replies":[{"embeddable":true,"href":"https:\/\/portaljandira.com.br\/site\/wp-json\/wp\/v2\/comments?post=1103"}],"version-history":[{"count":3,"href":"https:\/\/portaljandira.com.br\/site\/wp-json\/wp\/v2\/pages\/1103\/revisions"}],"predecessor-version":[{"id":3421,"href":"https:\/\/portaljandira.com.br\/site\/wp-json\/wp\/v2\/pages\/1103\/revisions\/3421"}],"wp:attachment":[{"href":"https:\/\/portaljandira.com.br\/site\/wp-json\/wp\/v2\/media?parent=1103"}],"curies":[{"name":"wp","href":"https:\/\/api.w.org\/{rel}","templated":true}]}}